{"id":102,"date":"2024-10-16T12:04:57","date_gmt":"2024-10-16T10:04:57","guid":{"rendered":"https:\/\/regiescenik.fr\/?page_id=102"},"modified":"2025-09-10T09:02:34","modified_gmt":"2025-09-10T07:02:34","slug":"location-scenes","status":"publish","type":"page","link":"https:\/\/regiescenik.fr\/index.php\/location-scenes\/","title":{"rendered":""},"content":{"rendered":"\n<figure class=\"wp-block-image aligncenter size-full is-resized\"><img loading=\"lazy\" decoding=\"async\" width=\"1791\" height=\"198\" src=\"https:\/\/regiescenik.fr\/wp-content\/uploads\/2024\/02\/Copie-de-Votre-texte-de-paragraphe-9-1.png\" alt=\"\" class=\"wp-image-344\" style=\"width:424px;height:auto\" srcset=\"https:\/\/regiescenik.fr\/wp-content\/uploads\/2024\/02\/Copie-de-Votre-texte-de-paragraphe-9-1.png 1791w, https:\/\/regiescenik.fr\/wp-content\/uploads\/2024\/02\/Copie-de-Votre-texte-de-paragraphe-9-1-300x33.png 300w, https:\/\/regiescenik.fr\/wp-content\/uploads\/2024\/02\/Copie-de-Votre-texte-de-paragraphe-9-1-1024x113.png 1024w, https:\/\/regiescenik.fr\/wp-content\/uploads\/2024\/02\/Copie-de-Votre-texte-de-paragraphe-9-1-768x85.png 768w, https:\/\/regiescenik.fr\/wp-content\/uploads\/2024\/02\/Copie-de-Votre-texte-de-paragraphe-9-1-1536x170.png 1536w\" sizes=\"auto, (max-width: 1791px) 100vw, 1791px\" \/><\/figure>\n\n\n\n<p class=\"has-foreground-color has-text-color has-link-color has-medium-font-size wp-elements-f18ba175f8c59b4a3d7dd337d1f9daac\"><div id=\"metaslider-id-600\" style=\"width: 100%;\" class=\"ml-slider-3-96-0 metaslider metaslider-flex metaslider-600 ml-slider ms-theme-simply-dark has-dots-nav\" role=\"region\" aria-roledescription=\"Slideshow\" aria-label=\"loc scene 1\">\n    <div id=\"metaslider_container_600\">\n        <div id=\"metaslider_600\">\n            <ul class='slides'>\n                <li style=\"display: block; width: 100%;\" class=\"slide-601 ms-image \" aria-roledescription=\"slide\" aria-label=\"slide-601\" data-date=\"2025-09-10 09:01:52\"><img loading=\"lazy\" decoding=\"async\" src=\"https:\/\/regiescenik.fr\/wp-content\/uploads\/2025\/09\/514259668_122244668768198833_6323944991367990330_n-700x400.jpg\" height=\"400\" width=\"700\" alt=\"\" class=\"slider-600 slide-601\" title=\"514259668_122244668768198833_6323944991367990330_n\" \/><\/li>\n                <li style=\"display: none; width: 100%;\" class=\"slide-602 ms-image \" aria-roledescription=\"slide\" aria-label=\"slide-602\" data-date=\"2025-09-10 09:01:57\"><img loading=\"lazy\" decoding=\"async\" src=\"https:\/\/regiescenik.fr\/wp-content\/uploads\/2025\/09\/529748875_122252113154198833_2759826935844610486_n-700x400.jpg\" height=\"400\" width=\"700\" alt=\"\" class=\"slider-600 slide-602\" title=\"529748875_122252113154198833_2759826935844610486_n\" \/><\/li>\n                <li style=\"display: none; width: 100%;\" class=\"slide-603 ms-image \" aria-roledescription=\"slide\" aria-label=\"slide-603\" data-date=\"2025-09-10 09:02:04\"><img loading=\"lazy\" decoding=\"async\" src=\"https:\/\/regiescenik.fr\/wp-content\/uploads\/2025\/09\/eb612e66-c705-4c06-a15b-b6467d621001-700x400.jpg\" height=\"400\" width=\"700\" alt=\"\" class=\"slider-600 slide-603\" title=\"eb612e66-c705-4c06-a15b-b6467d621001\" \/><\/li>\n                <li style=\"display: none; width: 100%;\" class=\"slide-604 ms-image \" aria-roledescription=\"slide\" aria-label=\"slide-604\" data-date=\"2025-09-10 09:02:08\"><img loading=\"lazy\" decoding=\"async\" src=\"https:\/\/regiescenik.fr\/wp-content\/uploads\/2025\/09\/cb8880ab-ce7e-4df7-a7d4-9810d0143f6e-700x400.jpg\" height=\"400\" width=\"700\" alt=\"\" class=\"slider-600 slide-604\" title=\"cb8880ab-ce7e-4df7-a7d4-9810d0143f6e\" \/><\/li>\n            <\/ul>\n        <\/div>\n        \n    <\/div>\n<\/div><\/p>\n\n\n\n<p class=\"has-foreground-color has-text-color has-link-color has-medium-font-size wp-elements-bdf6c7a92d486d732c56d8a6469a83de\">A la fois flexible et modulable, elle s&#8217;adapte ais\u00e9ment \u00e0 <strong>tous les \u00e9v\u00e8nements<\/strong> (mariages, festivals culturels, s\u00e9minaires, \u00e9v\u00e8nement sportifs, salons professionnels, r\u00e9ceptions familiales,&#8230;), s&#8217;ajuste facilement \u00e0 tous types de terrains au gr\u00e9 de vos besoins et de vos envies et gr\u00e2ce \u00e0 son ouverture sur l&#8217;ext\u00e9rieur, s&#8217;harmonise parfaitement avec tous les ext\u00e9rieurs.<\/p>\n\n\n\n<p class=\"has-foreground-color has-text-color has-link-color wp-elements-a895276a95927374e00f2fdbb68c87b5\">La tente stretch, aussi appel\u00e9e tente nomade ou tente berb\u00e8re, est une <strong>toile stretch robuste<\/strong> tendue sur des <strong>m\u00e2ts en bois<\/strong>. Durable, la toile stretch est con\u00e7ue pour r\u00e9sister aux intemp\u00e9ries et est fabriqu\u00e9e \u00e0 partir de mat\u00e9riaux de haute qualit\u00e9 qui garantissent sa solidit\u00e9. Le tissu stretch est \u00e9galement r\u00e9fl\u00e9chissant et permet la r\u00e9verb\u00e9ration des rayons du soleil.<\/p>\n\n\n\n<p>Disponible en <strong>10x10m<\/strong> et en <strong>10x15m<\/strong>, la tente stretch est install\u00e9e piqu\u00e9e et hauban\u00e9e sur sol meuble. \u00a0Sur sol dur, le lestage de la tente est r\u00e9alis\u00e9 avec des lests en b\u00e9ton.<\/p>\n\n\n\n<p class=\"has-foreground-color has-text-color has-link-color wp-elements-d13425f9f20ddf93d2f65ff0ef565b1a\">En outre, les toiles stretch sont tr\u00e8s <strong>faciles \u00e0 monter<\/strong> et \u00e0 d\u00e9monter, ce qui en fait un choix id\u00e9al pour les <strong>\u00e9v\u00e9nements itin\u00e9rants<\/strong>.<br>Elles peuvent \u00eatre rapidement install\u00e9es et d\u00e9mont\u00e9es par une petite \u00e9quipe, ce qui en fait une option pratique pour les organisateurs d\u2019\u00e9v\u00e9nements qui doivent souvent changer de lieu.<\/p>\n\n\n\n<p class=\"has-text-align-center has-large-font-size\"><strong><strong>Nous y \u00e9tions :<\/strong><\/strong><\/p>\n\n\n<div id=\"metaslider-id-582\" style=\"width: 100%;\" class=\"ml-slider-3-96-0 metaslider metaslider-flex metaslider-582 ml-slider ms-theme-default-base has-carousel-mode has-dots-nav has-carousel-mode has-dots-nav\" role=\"region\" aria-roledescription=\"Slideshow\" aria-label=\"location scenes\">\n    <div id=\"metaslider_container_582\">\n        <div id=\"metaslider_582\">\n            <ul class='slides'>\n                <li style=\"display: none; width: 100%;\" class=\"slide-583 ms-image \" aria-roledescription=\"slide\" aria-label=\"slide-583\" data-date=\"2025-09-10 08:46:33\"><img loading=\"lazy\" decoding=\"async\" src=\"https:\/\/regiescenik.fr\/wp-content\/uploads\/2025\/03\/Free-Music-320x400.jpg\" height=\"400\" width=\"320\" alt=\"\" class=\"slider-582 slide-583\" title=\"Free Music\" \/><\/li>\n                <li style=\"display: none; width: 100%;\" class=\"slide-584 ms-image \" aria-roledescription=\"slide\" aria-label=\"slide-584\" data-date=\"2025-09-10 08:46:40\"><img loading=\"lazy\" decoding=\"async\" src=\"https:\/\/regiescenik.fr\/wp-content\/uploads\/2025\/03\/images-1-189x236.jpeg\" height=\"400\" width=\"320\" alt=\"\" class=\"slider-582 slide-584\" title=\"images\" \/><\/li>\n                <li style=\"display: none; width: 100%;\" class=\"slide-586 ms-image \" aria-roledescription=\"slide\" aria-label=\"slide-586\" data-date=\"2025-09-10 08:48:18\"><img loading=\"lazy\" decoding=\"async\" src=\"https:\/\/regiescenik.fr\/wp-content\/uploads\/2025\/09\/aff-_1_-280x350.jpeg\" height=\"400\" width=\"320\" alt=\"\" class=\"slider-582 slide-586\" title=\"aff-_1_\" \/><\/li>\n                <li style=\"display: none; width: 100%;\" class=\"slide-588 ms-image \" aria-roledescription=\"slide\" aria-label=\"slide-588\" data-date=\"2025-09-10 08:52:04\"><img loading=\"lazy\" decoding=\"async\" src=\"https:\/\/regiescenik.fr\/wp-content\/uploads\/2025\/09\/images-2-183x228.jpg\" height=\"400\" width=\"320\" alt=\"\" class=\"slider-582 slide-588\" title=\"images (2)\" \/><\/li>\n            <\/ul>\n        <\/div>\n        \n    <\/div>\n<\/div>\n\n\n\n<p class=\"has-background-color has-foreground-background-color has-text-color has-background has-link-color wp-elements-9847e90e0f323a4f1207437122179082\">Pour toute demande d&#8217;information suppl\u00e9mentaire aupr\u00e8s de R\u00e9gie Scenik, n&#8217;h\u00e9sitez pas \u00e0 envoyer un mail \u00e0 <a href=\"regiescenik@gmail.com\" data-type=\"link\" data-id=\"regiescenik@gmail.com\"><strong>regiescenik@gmail.com<\/strong><\/a> ou \u00e0 appeler au 06.89.80.60.22<\/p>\n\n\n\n<ul class=\"wp-block-social-links has-huge-icon-size has-icon-color has-icon-background-color is-content-justification-center is-layout-flex wp-container-core-social-links-is-layout-a89b3969 wp-block-social-links-is-layout-flex\"><li style=\"color:var(--wp--preset--color--foreground);background-color:var(--wp--preset--color--background);\" class=\"wp-social-link wp-social-link-facebook has-foreground-color has-background-background-color wp-block-social-link\"><a href=\"https:\/\/www.facebook.com\/regiescenik\" class=\"wp-block-social-link-anchor\"><svg width=\"24\" height=\"24\" viewBox=\"0 0 24 24\" version=\"1.1\" xmlns=\"http:\/\/www.w3.org\/2000\/svg\" aria-hidden=\"true\" focusable=\"false\"><path d=\"M12 2C6.5 2 2 6.5 2 12c0 5 3.7 9.1 8.4 9.9v-7H7.9V12h2.5V9.8c0-2.5 1.5-3.9 3.8-3.9 1.1 0 2.2.2 2.2.2v2.5h-1.3c-1.2 0-1.6.8-1.6 1.6V12h2.8l-.4 2.9h-2.3v7C18.3 21.1 22 17 22 12c0-5.5-4.5-10-10-10z\"><\/path><\/svg><span class=\"wp-block-social-link-label screen-reader-text\">Facebook<\/span><\/a><\/li>\n\n<li style=\"color:var(--wp--preset--color--foreground);background-color:var(--wp--preset--color--background);\" class=\"wp-social-link wp-social-link-mail has-foreground-color has-background-background-color wp-block-social-link\"><a href=\"mailto:&#035;r&#101;&#103;ie&#115;c&#101;n&#105;k&#064;g&#109;&#097;&#105;&#108;&#046;c&#111;m\" class=\"wp-block-social-link-anchor\"><svg width=\"24\" height=\"24\" viewBox=\"0 0 24 24\" version=\"1.1\" xmlns=\"http:\/\/www.w3.org\/2000\/svg\" aria-hidden=\"true\" focusable=\"false\"><path d=\"M19,5H5c-1.1,0-2,.9-2,2v10c0,1.1.9,2,2,2h14c1.1,0,2-.9,2-2V7c0-1.1-.9-2-2-2zm.5,12c0,.3-.2.5-.5.5H5c-.3,0-.5-.2-.5-.5V9.8l7.5,5.6,7.5-5.6V17zm0-9.1L12,13.6,4.5,7.9V7c0-.3.2-.5.5-.5h14c.3,0,.5.2.5.5v.9z\"><\/path><\/svg><span class=\"wp-block-social-link-label screen-reader-text\">E-mail<\/span><\/a><\/li>\n\n<li style=\"color:var(--wp--preset--color--foreground);background-color:var(--wp--preset--color--background);\" class=\"wp-social-link wp-social-link-whatsapp has-foreground-color has-background-background-color wp-block-social-link\"><a href=\"https:\/\/0689806022\" class=\"wp-block-social-link-anchor\"><svg width=\"24\" height=\"24\" viewBox=\"0 0 24 24\" version=\"1.1\" xmlns=\"http:\/\/www.w3.org\/2000\/svg\" aria-hidden=\"true\" focusable=\"false\"><path d=\"M 12.011719 2 C 6.5057187 2 2.0234844 6.478375 2.0214844 11.984375 C 2.0204844 13.744375 2.4814687 15.462563 3.3554688 16.976562 L 2 22 L 7.2324219 20.763672 C 8.6914219 21.559672 10.333859 21.977516 12.005859 21.978516 L 12.009766 21.978516 C 17.514766 21.978516 21.995047 17.499141 21.998047 11.994141 C 22.000047 9.3251406 20.962172 6.8157344 19.076172 4.9277344 C 17.190172 3.0407344 14.683719 2.001 12.011719 2 z M 12.009766 4 C 14.145766 4.001 16.153109 4.8337969 17.662109 6.3417969 C 19.171109 7.8517969 20.000047 9.8581875 19.998047 11.992188 C 19.996047 16.396187 16.413812 19.978516 12.007812 19.978516 C 10.674812 19.977516 9.3544062 19.642812 8.1914062 19.007812 L 7.5175781 18.640625 L 6.7734375 18.816406 L 4.8046875 19.28125 L 5.2851562 17.496094 L 5.5019531 16.695312 L 5.0878906 15.976562 C 4.3898906 14.768562 4.0204844 13.387375 4.0214844 11.984375 C 4.0234844 7.582375 7.6067656 4 12.009766 4 z M 8.4765625 7.375 C 8.3095625 7.375 8.0395469 7.4375 7.8105469 7.6875 C 7.5815469 7.9365 6.9355469 8.5395781 6.9355469 9.7675781 C 6.9355469 10.995578 7.8300781 12.182609 7.9550781 12.349609 C 8.0790781 12.515609 9.68175 15.115234 12.21875 16.115234 C 14.32675 16.946234 14.754891 16.782234 15.212891 16.740234 C 15.670891 16.699234 16.690438 16.137687 16.898438 15.554688 C 17.106437 14.971687 17.106922 14.470187 17.044922 14.367188 C 16.982922 14.263188 16.816406 14.201172 16.566406 14.076172 C 16.317406 13.951172 15.090328 13.348625 14.861328 13.265625 C 14.632328 13.182625 14.464828 13.140625 14.298828 13.390625 C 14.132828 13.640625 13.655766 14.201187 13.509766 14.367188 C 13.363766 14.534188 13.21875 14.556641 12.96875 14.431641 C 12.71875 14.305641 11.914938 14.041406 10.960938 13.191406 C 10.218937 12.530406 9.7182656 11.714844 9.5722656 11.464844 C 9.4272656 11.215844 9.5585938 11.079078 9.6835938 10.955078 C 9.7955938 10.843078 9.9316406 10.663578 10.056641 10.517578 C 10.180641 10.371578 10.223641 10.267562 10.306641 10.101562 C 10.389641 9.9355625 10.347156 9.7890625 10.285156 9.6640625 C 10.223156 9.5390625 9.737625 8.3065 9.515625 7.8125 C 9.328625 7.3975 9.131125 7.3878594 8.953125 7.3808594 C 8.808125 7.3748594 8.6425625 7.375 8.4765625 7.375 z\"><\/path><\/svg><span class=\"wp-block-social-link-label screen-reader-text\">06.89.80.60.22<\/span><\/a><\/li><\/ul>\n\n\n\n<figure class=\"wp-block-pullquote has-foreground-color has-background-background-color has-text-color has-background has-link-color has-medium-font-size wp-elements-2f3d0f48c78db890a7af2847fbaa01cf\" style=\"margin-top:0;margin-bottom:0;padding-top:var(--wp--preset--spacing--30);padding-right:0;padding-bottom:var(--wp--preset--spacing--30);padding-left:0\"><blockquote><p><strong>REGIE SCENIK <\/strong><br>5 rue basse 17170 COURCON<\/p><cite>SIRET N\u00b051516508200025<\/cite><\/blockquote><\/figure>\n","protected":false},"excerpt":{"rendered":"<p>A la fois flexible et modulable, elle s&#8217;adapte ais\u00e9ment \u00e0 tous les \u00e9v\u00e8nements (mariages, festivals culturels, s\u00e9minaires, \u00e9v\u00e8nement sportifs, salons professionnels, r\u00e9ceptions familiales,&#8230;), s&#8217;ajuste facilement \u00e0 tous types de terrains au gr\u00e9 de vos besoins et de vos envies et gr\u00e2ce \u00e0 son ouverture sur l&#8217;ext\u00e9rieur, s&#8217;harmonise parfaitement avec tous les ext\u00e9rieurs. La tente stretch, [&hellip;]<\/p>\n","protected":false},"author":1,"featured_media":0,"parent":0,"menu_order":0,"comment_status":"closed","ping_status":"closed","template":"","meta":{"_eb_attr":"","footnotes":""},"class_list":["post-102","page","type-page","status-publish","hentry"],"_links":{"self":[{"href":"https:\/\/regiescenik.fr\/index.php\/wp-json\/wp\/v2\/pages\/102","targetHints":{"allow":["GET"]}}],"collection":[{"href":"https:\/\/regiescenik.fr\/index.php\/wp-json\/wp\/v2\/pages"}],"about":[{"href":"https:\/\/regiescenik.fr\/index.php\/wp-json\/wp\/v2\/types\/page"}],"author":[{"embeddable":true,"href":"https:\/\/regiescenik.fr\/index.php\/wp-json\/wp\/v2\/users\/1"}],"replies":[{"embeddable":true,"href":"https:\/\/regiescenik.fr\/index.php\/wp-json\/wp\/v2\/comments?post=102"}],"version-history":[{"count":13,"href":"https:\/\/regiescenik.fr\/index.php\/wp-json\/wp\/v2\/pages\/102\/revisions"}],"predecessor-version":[{"id":605,"href":"https:\/\/regiescenik.fr\/index.php\/wp-json\/wp\/v2\/pages\/102\/revisions\/605"}],"wp:attachment":[{"href":"https:\/\/regiescenik.fr\/index.php\/wp-json\/wp\/v2\/media?parent=102"}],"curies":[{"name":"wp","href":"https:\/\/api.w.org\/{rel}","templated":true}]}}