{"id":193,"date":"2025-03-10T11:29:17","date_gmt":"2025-03-10T10:29:17","guid":{"rendered":"https:\/\/regiescenik.fr\/?page_id=193"},"modified":"2025-09-10T08:29:45","modified_gmt":"2025-09-10T06:29:45","slug":"catering","status":"publish","type":"page","link":"https:\/\/regiescenik.fr\/index.php\/catering\/","title":{"rendered":""},"content":{"rendered":"\n<div class=\"wp-block-columns is-layout-flex wp-container-core-columns-is-layout-28f84493 wp-block-columns-is-layout-flex\">\n<div class=\"wp-block-column is-layout-flow wp-block-column-is-layout-flow\" style=\"flex-basis:100%\">\n<figure class=\"wp-block-image aligncenter size-full is-resized\"><img loading=\"lazy\" decoding=\"async\" width=\"1101\" height=\"198\" src=\"https:\/\/regiescenik.fr\/wp-content\/uploads\/2024\/02\/cateri.png\" alt=\"\" class=\"wp-image-341\" style=\"width:393px;height:auto\" srcset=\"https:\/\/regiescenik.fr\/wp-content\/uploads\/2024\/02\/cateri.png 1101w, https:\/\/regiescenik.fr\/wp-content\/uploads\/2024\/02\/cateri-300x54.png 300w, https:\/\/regiescenik.fr\/wp-content\/uploads\/2024\/02\/cateri-1024x184.png 1024w, https:\/\/regiescenik.fr\/wp-content\/uploads\/2024\/02\/cateri-768x138.png 768w\" sizes=\"auto, (max-width: 1101px) 100vw, 1101px\" \/><\/figure>\n<\/div>\n<\/div>\n\n\n\n<p class=\"has-foreground-color has-text-color has-link-color wp-elements-f173b1e308aed51a7a6fa753ce71397a\"><div id=\"metaslider-id-463\" style=\"width: 100%;\" class=\"ml-slider-3-96-0 metaslider metaslider-flex metaslider-463 ml-slider ms-theme-default-base has-dots-nav\" role=\"region\" aria-roledescription=\"Slideshow\" aria-label=\"catering1\">\n    <div id=\"metaslider_container_463\">\n        <div id=\"metaslider_463\">\n            <ul class='slides'>\n                <li style=\"display: block; width: 100%;\" class=\"slide-465 ms-image \" aria-roledescription=\"slide\" aria-label=\"slide-465\" data-date=\"2025-04-07 15:53:51\"><img loading=\"lazy\" decoding=\"async\" src=\"https:\/\/regiescenik.fr\/wp-content\/uploads\/2025\/04\/454998485_10225088896946268_4662676532429320053_n-1-700x400.jpg\" height=\"400\" width=\"700\" alt=\"\" class=\"slider-463 slide-465\" title=\"454998485_10225088896946268_4662676532429320053_n\" \/><\/li>\n                <li style=\"display: none; width: 100%;\" class=\"slide-466 ms-image \" aria-roledescription=\"slide\" aria-label=\"slide-466\" data-date=\"2025-04-07 15:53:51\"><img loading=\"lazy\" decoding=\"async\" src=\"https:\/\/regiescenik.fr\/wp-content\/uploads\/2025\/04\/454727870_10225088913706687_4178384393381292433_n-2-700x400.jpg\" height=\"400\" width=\"700\" alt=\"\" class=\"slider-463 slide-466\" title=\"454727870_10225088913706687_4178384393381292433_n\" \/><\/li>\n                <li style=\"display: none; width: 100%;\" class=\"slide-467 ms-image \" aria-roledescription=\"slide\" aria-label=\"slide-467\" data-date=\"2025-04-07 15:53:51\"><img loading=\"lazy\" decoding=\"async\" src=\"https:\/\/regiescenik.fr\/wp-content\/uploads\/2025\/04\/488974618_533583676131634_1884767664150162305_n-700x400.jpg\" height=\"400\" width=\"700\" alt=\"\" class=\"slider-463 slide-467\" title=\"488974618_533583676131634_1884767664150162305_n\" \/><\/li>\n                <li style=\"display: none; width: 100%;\" class=\"slide-561 ms-image \" aria-roledescription=\"slide\" aria-label=\"slide-561\" data-date=\"2025-09-10 08:23:49\"><img loading=\"lazy\" decoding=\"async\" src=\"https:\/\/regiescenik.fr\/wp-content\/uploads\/2025\/09\/6f90ec23-32da-4a15-8a6e-49f65d28401c-700x400.jpg\" height=\"400\" width=\"700\" alt=\"\" class=\"slider-463 slide-561\" title=\"6f90ec23-32da-4a15-8a6e-49f65d28401c\" \/><\/li>\n                <li style=\"display: none; width: 100%;\" class=\"slide-562 ms-image \" aria-roledescription=\"slide\" aria-label=\"slide-562\" data-date=\"2025-09-10 08:23:58\"><img loading=\"lazy\" decoding=\"async\" src=\"https:\/\/regiescenik.fr\/wp-content\/uploads\/2025\/09\/a6b27743-fb01-4cb9-804c-03d3c97a63ff-700x400.jpg\" height=\"400\" width=\"700\" alt=\"\" class=\"slider-463 slide-562\" title=\"a6b27743-fb01-4cb9-804c-03d3c97a63ff\" \/><\/li>\n                <li style=\"display: none; width: 100%;\" class=\"slide-563 ms-image \" aria-roledescription=\"slide\" aria-label=\"slide-563\" data-date=\"2025-09-10 08:24:02\"><img loading=\"lazy\" decoding=\"async\" src=\"https:\/\/regiescenik.fr\/wp-content\/uploads\/2025\/09\/7e47465f-3364-4d1b-8e94-be8027a4c63c-700x400.jpg\" height=\"400\" width=\"700\" alt=\"\" class=\"slider-463 slide-563\" title=\"7e47465f-3364-4d1b-8e94-be8027a4c63c\" \/><\/li>\n                <li style=\"display: none; width: 100%;\" class=\"slide-564 ms-image \" aria-roledescription=\"slide\" aria-label=\"slide-564\" data-date=\"2025-09-10 08:24:15\"><img loading=\"lazy\" decoding=\"async\" src=\"https:\/\/regiescenik.fr\/wp-content\/uploads\/2025\/09\/446ee561-605f-4b00-82fc-5dc9bbee3a83-700x400.jpg\" height=\"400\" width=\"700\" alt=\"\" class=\"slider-463 slide-564\" title=\"446ee561-605f-4b00-82fc-5dc9bbee3a83\" \/><\/li>\n            <\/ul>\n        <\/div>\n        \n    <\/div>\n<\/div><\/p>\n\n\n\n<figure class=\"wp-block-image aligncenter size-full is-resized\"><img loading=\"lazy\" decoding=\"async\" width=\"800\" height=\"1600\" src=\"https:\/\/regiescenik.fr\/wp-content\/uploads\/2025\/04\/3-2.png\" alt=\"\" class=\"wp-image-480\" style=\"width:482px;height:auto\" srcset=\"https:\/\/regiescenik.fr\/wp-content\/uploads\/2025\/04\/3-2.png 800w, https:\/\/regiescenik.fr\/wp-content\/uploads\/2025\/04\/3-2-150x300.png 150w, https:\/\/regiescenik.fr\/wp-content\/uploads\/2025\/04\/3-2-512x1024.png 512w, https:\/\/regiescenik.fr\/wp-content\/uploads\/2025\/04\/3-2-768x1536.png 768w\" sizes=\"auto, (max-width: 800px) 100vw, 800px\" \/><\/figure>\n\n\n\n<div class=\"wp-block-columns is-layout-flex wp-container-core-columns-is-layout-28f84493 wp-block-columns-is-layout-flex\">\n<div class=\"wp-block-column is-layout-flow wp-block-column-is-layout-flow\"><div id=\"metaslider-id-565\" style=\"width: 100%;\" class=\"ml-slider-3-96-0 metaslider metaslider-flex metaslider-565 ml-slider ms-theme-default-base has-carousel-mode has-dots-nav\" role=\"region\" aria-roledescription=\"Slideshow\" aria-label=\"catering2\">\n    <div id=\"metaslider_container_565\">\n        <div id=\"metaslider_565\">\n            <ul class='slides'>\n                <li style=\"display: none; width: 100%;\" class=\"slide-566 ms-image \" aria-roledescription=\"slide\" aria-label=\"slide-566\" data-date=\"2025-09-10 08:25:11\"><img loading=\"lazy\" decoding=\"async\" src=\"https:\/\/regiescenik.fr\/wp-content\/uploads\/2025\/09\/df9f4202-ded2-4491-81a8-47b5a764feb7-1-300x420.jpg\" height=\"420\" width=\"300\" alt=\"\" class=\"slider-565 slide-566\" title=\"df9f4202-ded2-4491-81a8-47b5a764feb7\" \/><\/li>\n                <li style=\"display: none; width: 100%;\" class=\"slide-567 ms-image \" aria-roledescription=\"slide\" aria-label=\"slide-567\" data-date=\"2025-09-10 08:25:38\"><img loading=\"lazy\" decoding=\"async\" src=\"https:\/\/regiescenik.fr\/wp-content\/uploads\/2025\/09\/9fb42d2d-0374-456f-b87e-2745ebeb67cb-300x420.jpg\" height=\"420\" width=\"300\" alt=\"\" class=\"slider-565 slide-567\" title=\"9fb42d2d-0374-456f-b87e-2745ebeb67cb\" \/><\/li>\n                <li style=\"display: none; width: 100%;\" class=\"slide-568 ms-image \" aria-roledescription=\"slide\" aria-label=\"slide-568\" data-date=\"2025-09-10 08:25:38\"><img loading=\"lazy\" decoding=\"async\" src=\"https:\/\/regiescenik.fr\/wp-content\/uploads\/2025\/09\/37ed232a-235b-4d0c-b382-ad678ab06444-300x420.jpg\" height=\"420\" width=\"300\" alt=\"\" class=\"slider-565 slide-568\" title=\"37ed232a-235b-4d0c-b382-ad678ab06444\" \/><\/li>\n                <li style=\"display: none; width: 100%;\" class=\"slide-569 ms-image \" aria-roledescription=\"slide\" aria-label=\"slide-569\" data-date=\"2025-09-10 08:25:38\"><img loading=\"lazy\" decoding=\"async\" src=\"https:\/\/regiescenik.fr\/wp-content\/uploads\/2025\/09\/9af232d7-22f7-42b6-8710-ead849ed80d7-300x420.jpg\" height=\"420\" width=\"300\" alt=\"\" class=\"slider-565 slide-569\" title=\"9af232d7-22f7-42b6-8710-ead849ed80d7\" \/><\/li>\n                <li style=\"display: none; width: 100%;\" class=\"slide-571 ms-image \" aria-roledescription=\"slide\" aria-label=\"slide-571\" data-date=\"2025-09-10 08:25:38\"><img loading=\"lazy\" decoding=\"async\" src=\"https:\/\/regiescenik.fr\/wp-content\/uploads\/2025\/09\/32b629d0-ef29-47fa-98fe-ee48bbcf2b48-300x420.jpg\" height=\"420\" width=\"300\" alt=\"\" class=\"slider-565 slide-571\" title=\"32b629d0-ef29-47fa-98fe-ee48bbcf2b48\" \/><\/li>\n                <li style=\"display: none; width: 100%;\" class=\"slide-572 ms-image \" aria-roledescription=\"slide\" aria-label=\"slide-572\" data-date=\"2025-09-10 08:25:38\"><img loading=\"lazy\" decoding=\"async\" src=\"https:\/\/regiescenik.fr\/wp-content\/uploads\/2025\/09\/a7886974-8f31-49e1-9903-04174faad305-300x420.jpg\" height=\"420\" width=\"300\" alt=\"\" class=\"slider-565 slide-572\" title=\"a7886974-8f31-49e1-9903-04174faad305\" \/><\/li>\n                <li style=\"display: none; width: 100%;\" class=\"slide-573 ms-image \" aria-roledescription=\"slide\" aria-label=\"slide-573\" data-date=\"2025-09-10 08:25:38\"><img loading=\"lazy\" decoding=\"async\" src=\"https:\/\/regiescenik.fr\/wp-content\/uploads\/2025\/09\/02a30f83-3319-47c7-a2e9-5ac3b2816bff-300x420.jpg\" height=\"420\" width=\"300\" alt=\"\" class=\"slider-565 slide-573\" title=\"02a30f83-3319-47c7-a2e9-5ac3b2816bff\" \/><\/li>\n            <\/ul>\n        <\/div>\n        \n    <\/div>\n<\/div>\n<\/div>\n\n\n\n<div class=\"wp-block-column is-layout-flow wp-block-column-is-layout-flow\">\n<p>Pour tous vos \u00e9v\u00e8nements (mariage, bapt\u00eame, r\u00e9union de famille,&#8230;) nous proposons \u00e9galement \u00e0 la location des &#8220;kits \u00e0 manger&#8221; comprenant chacun 20 assiettes, 20 couverts (fourchette, couteau, cuill\u00e8re \u00e0 soupe et cuill\u00e8re \u00e0 caf\u00e9), 3 plats de service et un assortiment d&#8217;ustensiles de cuisine. Nous mettons aussi \u00e0 votre disposition des verres ainsi que des bacs gastronomiques en inox.<\/p>\n\n\n\n<p>Que vous pr\u00e9f\u00e9riez les motifs r\u00e9tro et vintage, le blanc ou le verre fum\u00e9, vous trouverez de la vaisselle \u00e0 votre go\u00fbt parmi notre large s\u00e9lection.<\/p>\n<\/div>\n<\/div>\n\n\n\n<p><\/p>\n\n\n\n<p class=\"has-background-color has-foreground-background-color has-text-color has-background has-link-color wp-elements-9847e90e0f323a4f1207437122179082\">Pour toute demande d&#8217;information suppl\u00e9mentaire aupr\u00e8s de R\u00e9gie Scenik, n&#8217;h\u00e9sitez pas \u00e0 envoyer un mail \u00e0 <a href=\"regiescenik@gmail.com\" data-type=\"link\" data-id=\"regiescenik@gmail.com\"><strong>regiescenik@gmail.com<\/strong><\/a> ou \u00e0 appeler au 06.89.80.60.22<\/p>\n\n\n\n<ul class=\"wp-block-social-links has-huge-icon-size has-icon-color has-icon-background-color is-content-justification-center is-layout-flex wp-container-core-social-links-is-layout-a89b3969 wp-block-social-links-is-layout-flex\"><li style=\"color:var(--wp--preset--color--foreground);background-color:var(--wp--preset--color--background);\" class=\"wp-social-link wp-social-link-facebook has-foreground-color has-background-background-color wp-block-social-link\"><a href=\"https:\/\/www.facebook.com\/regiescenik\" class=\"wp-block-social-link-anchor\"><svg width=\"24\" height=\"24\" viewBox=\"0 0 24 24\" version=\"1.1\" xmlns=\"http:\/\/www.w3.org\/2000\/svg\" aria-hidden=\"true\" focusable=\"false\"><path d=\"M12 2C6.5 2 2 6.5 2 12c0 5 3.7 9.1 8.4 9.9v-7H7.9V12h2.5V9.8c0-2.5 1.5-3.9 3.8-3.9 1.1 0 2.2.2 2.2.2v2.5h-1.3c-1.2 0-1.6.8-1.6 1.6V12h2.8l-.4 2.9h-2.3v7C18.3 21.1 22 17 22 12c0-5.5-4.5-10-10-10z\"><\/path><\/svg><span class=\"wp-block-social-link-label screen-reader-text\">Facebook<\/span><\/a><\/li>\n\n<li style=\"color:var(--wp--preset--color--foreground);background-color:var(--wp--preset--color--background);\" class=\"wp-social-link wp-social-link-mail has-foreground-color has-background-background-color wp-block-social-link\"><a href=\"mailto:&#035;&#114;&#101;&#103;&#105;&#101;s&#099;&#101;n&#105;&#107;&#064;&#103;&#109;&#097;&#105;l&#046;&#099;&#111;&#109;\" class=\"wp-block-social-link-anchor\"><svg width=\"24\" height=\"24\" viewBox=\"0 0 24 24\" version=\"1.1\" xmlns=\"http:\/\/www.w3.org\/2000\/svg\" aria-hidden=\"true\" focusable=\"false\"><path d=\"M19,5H5c-1.1,0-2,.9-2,2v10c0,1.1.9,2,2,2h14c1.1,0,2-.9,2-2V7c0-1.1-.9-2-2-2zm.5,12c0,.3-.2.5-.5.5H5c-.3,0-.5-.2-.5-.5V9.8l7.5,5.6,7.5-5.6V17zm0-9.1L12,13.6,4.5,7.9V7c0-.3.2-.5.5-.5h14c.3,0,.5.2.5.5v.9z\"><\/path><\/svg><span class=\"wp-block-social-link-label screen-reader-text\">E-mail<\/span><\/a><\/li>\n\n<li style=\"color:var(--wp--preset--color--foreground);background-color:var(--wp--preset--color--background);\" class=\"wp-social-link wp-social-link-whatsapp has-foreground-color has-background-background-color wp-block-social-link\"><a href=\"https:\/\/0689806022\" class=\"wp-block-social-link-anchor\"><svg width=\"24\" height=\"24\" viewBox=\"0 0 24 24\" version=\"1.1\" xmlns=\"http:\/\/www.w3.org\/2000\/svg\" aria-hidden=\"true\" focusable=\"false\"><path d=\"M 12.011719 2 C 6.5057187 2 2.0234844 6.478375 2.0214844 11.984375 C 2.0204844 13.744375 2.4814687 15.462563 3.3554688 16.976562 L 2 22 L 7.2324219 20.763672 C 8.6914219 21.559672 10.333859 21.977516 12.005859 21.978516 L 12.009766 21.978516 C 17.514766 21.978516 21.995047 17.499141 21.998047 11.994141 C 22.000047 9.3251406 20.962172 6.8157344 19.076172 4.9277344 C 17.190172 3.0407344 14.683719 2.001 12.011719 2 z M 12.009766 4 C 14.145766 4.001 16.153109 4.8337969 17.662109 6.3417969 C 19.171109 7.8517969 20.000047 9.8581875 19.998047 11.992188 C 19.996047 16.396187 16.413812 19.978516 12.007812 19.978516 C 10.674812 19.977516 9.3544062 19.642812 8.1914062 19.007812 L 7.5175781 18.640625 L 6.7734375 18.816406 L 4.8046875 19.28125 L 5.2851562 17.496094 L 5.5019531 16.695312 L 5.0878906 15.976562 C 4.3898906 14.768562 4.0204844 13.387375 4.0214844 11.984375 C 4.0234844 7.582375 7.6067656 4 12.009766 4 z M 8.4765625 7.375 C 8.3095625 7.375 8.0395469 7.4375 7.8105469 7.6875 C 7.5815469 7.9365 6.9355469 8.5395781 6.9355469 9.7675781 C 6.9355469 10.995578 7.8300781 12.182609 7.9550781 12.349609 C 8.0790781 12.515609 9.68175 15.115234 12.21875 16.115234 C 14.32675 16.946234 14.754891 16.782234 15.212891 16.740234 C 15.670891 16.699234 16.690438 16.137687 16.898438 15.554688 C 17.106437 14.971687 17.106922 14.470187 17.044922 14.367188 C 16.982922 14.263188 16.816406 14.201172 16.566406 14.076172 C 16.317406 13.951172 15.090328 13.348625 14.861328 13.265625 C 14.632328 13.182625 14.464828 13.140625 14.298828 13.390625 C 14.132828 13.640625 13.655766 14.201187 13.509766 14.367188 C 13.363766 14.534188 13.21875 14.556641 12.96875 14.431641 C 12.71875 14.305641 11.914938 14.041406 10.960938 13.191406 C 10.218937 12.530406 9.7182656 11.714844 9.5722656 11.464844 C 9.4272656 11.215844 9.5585938 11.079078 9.6835938 10.955078 C 9.7955938 10.843078 9.9316406 10.663578 10.056641 10.517578 C 10.180641 10.371578 10.223641 10.267562 10.306641 10.101562 C 10.389641 9.9355625 10.347156 9.7890625 10.285156 9.6640625 C 10.223156 9.5390625 9.737625 8.3065 9.515625 7.8125 C 9.328625 7.3975 9.131125 7.3878594 8.953125 7.3808594 C 8.808125 7.3748594 8.6425625 7.375 8.4765625 7.375 z\"><\/path><\/svg><span class=\"wp-block-social-link-label screen-reader-text\">06.89.80.60.22<\/span><\/a><\/li><\/ul>\n\n\n\n<figure class=\"wp-block-pullquote has-foreground-color has-background-background-color has-text-color has-background has-link-color has-medium-font-size wp-elements-2f3d0f48c78db890a7af2847fbaa01cf\" style=\"margin-top:0;margin-bottom:0;padding-top:var(--wp--preset--spacing--30);padding-right:0;padding-bottom:var(--wp--preset--spacing--30);padding-left:0\"><blockquote><p><strong>REGIE SCENIK <\/strong><br>5 rue basse 17170 COURCON<\/p><cite>SIRET N\u00b051516508200025<\/cite><\/blockquote><\/figure>\n\n\n\n<p><\/p>\n","protected":false},"excerpt":{"rendered":"<p>Pour tous vos \u00e9v\u00e8nements (mariage, bapt\u00eame, r\u00e9union de famille,&#8230;) nous proposons \u00e9galement \u00e0 la location des &#8220;kits \u00e0 manger&#8221; comprenant chacun 20 assiettes, 20 couverts (fourchette, couteau, cuill\u00e8re \u00e0 soupe et cuill\u00e8re \u00e0 caf\u00e9), 3 plats de service et un assortiment d&#8217;ustensiles de cuisine. Nous mettons aussi \u00e0 votre disposition des verres ainsi que des [&hellip;]<\/p>\n","protected":false},"author":1,"featured_media":0,"parent":0,"menu_order":0,"comment_status":"closed","ping_status":"closed","template":"","meta":{"_eb_attr":"","footnotes":""},"class_list":["post-193","page","type-page","status-publish","hentry"],"_links":{"self":[{"href":"https:\/\/regiescenik.fr\/index.php\/wp-json\/wp\/v2\/pages\/193","targetHints":{"allow":["GET"]}}],"collection":[{"href":"https:\/\/regiescenik.fr\/index.php\/wp-json\/wp\/v2\/pages"}],"about":[{"href":"https:\/\/regiescenik.fr\/index.php\/wp-json\/wp\/v2\/types\/page"}],"author":[{"embeddable":true,"href":"https:\/\/regiescenik.fr\/index.php\/wp-json\/wp\/v2\/users\/1"}],"replies":[{"embeddable":true,"href":"https:\/\/regiescenik.fr\/index.php\/wp-json\/wp\/v2\/comments?post=193"}],"version-history":[{"count":18,"href":"https:\/\/regiescenik.fr\/index.php\/wp-json\/wp\/v2\/pages\/193\/revisions"}],"predecessor-version":[{"id":576,"href":"https:\/\/regiescenik.fr\/index.php\/wp-json\/wp\/v2\/pages\/193\/revisions\/576"}],"wp:attachment":[{"href":"https:\/\/regiescenik.fr\/index.php\/wp-json\/wp\/v2\/media?parent=193"}],"curies":[{"name":"wp","href":"https:\/\/api.w.org\/{rel}","templated":true}]}}